{"id":9,"date":"2023-08-21T09:43:57","date_gmt":"2023-08-21T07:43:57","guid":{"rendered":"https:\/\/hortensjaswarzedz.pl\/?page_id=9"},"modified":"2024-10-31T16:05:25","modified_gmt":"2024-10-31T15:05:25","slug":"9-2","status":"publish","type":"page","link":"https:\/\/hortensjaswarzedz.pl\/","title":{"rendered":"Strona G\u0142\u00f3wna"},"content":{"rendered":"<p>[et_pb_section fb_built=&#8221;1&#8243; fullwidth=&#8221;on&#8221; module_id=&#8221;Strona G\u0142\u00f3wna&#8221; _builder_version=&#8221;4.22.1&#8243; background_color=&#8221;#E02B20&#8243; use_background_color_gradient=&#8221;on&#8221; background_color_gradient_direction=&#8221;330deg&#8221; background_color_gradient_stops=&#8221;#2ea3f2 0%|#2e6df4 100%&#8221; background_color_gradient_start=&#8221;#2ea3f2&#8243; background_color_gradient_end=&#8221;#2e6df4&#8243; background_image=&#8221;http:\/\/hortensjaswarzedz.pl\/wp-content\/uploads\/2023\/08\/2018-capitalpark-etc-sklepy-male-30.jpg&#8221; box_shadow_style=&#8221;preset6&#8243; box_shadow_blur=&#8221;80px&#8221; box_shadow_spread=&#8221;80px&#8221; global_colors_info=&#8221;{}&#8221;][et_pb_fullwidth_header title=&#8221;Hortensja sp. z o.o. &#8221; background_overlay_color=&#8221;RGBA(255,255,255,0)&#8221; content_max_width=&#8221;none&#8221; _builder_version=&#8221;4.22.1&#8243; title_font=&#8221;Montserrat|600|||||||&#8221; title_text_color=&#8221;#FFFFFF&#8221; title_font_size=&#8221;56px&#8221; background_color=&#8221;rgba(255, 255, 255, 0)&#8221; custom_padding=&#8221;134px||151px|9px||&#8221; title_text_shadow_style=&#8221;preset2&#8243; title_text_shadow_blur_strength=&#8221;0.17em&#8221; title_text_shadow_color=&#8221;#000000&#8243; text_shadow_style=&#8221;preset2&#8243; text_shadow_color=&#8221;#000000&#8243; global_colors_info=&#8221;{}&#8221; button_one_text_size__hover_enabled=&#8221;off&#8221; button_two_text_size__hover_enabled=&#8221;off&#8221; button_one_text_color__hover_enabled=&#8221;off&#8221; button_two_text_color__hover_enabled=&#8221;off&#8221; button_one_border_width__hover_enabled=&#8221;off&#8221; button_two_border_width__hover_enabled=&#8221;off&#8221; button_one_border_color__hover_enabled=&#8221;off&#8221; button_two_border_color__hover_enabled=&#8221;off&#8221; button_one_border_radius__hover_enabled=&#8221;off&#8221; button_two_border_radius__hover_enabled=&#8221;off&#8221; button_one_letter_spacing__hover_enabled=&#8221;off&#8221; button_two_letter_spacing__hover_enabled=&#8221;off&#8221; button_one_bg_color__hover_enabled=&#8221;off&#8221; button_two_bg_color__hover_enabled=&#8221;off&#8221;][\/et_pb_fullwidth_header][\/et_pb_section][et_pb_section fb_built=&#8221;1&#8243; theme_builder_area=&#8221;post_content&#8221; _builder_version=&#8221;4.22.1&#8243; _module_preset=&#8221;default&#8221;][et_pb_row _builder_version=&#8221;4.22.1&#8243; _module_preset=&#8221;default&#8221; theme_builder_area=&#8221;post_content&#8221;][et_pb_column _builder_version=&#8221;4.22.1&#8243; _module_preset=&#8221;default&#8221; type=&#8221;4_4&#8243; theme_builder_area=&#8221;post_content&#8221;][et_pb_image src=&#8221;http:\/\/hortensjaswarzedz.pl\/wp-content\/uploads\/2024\/10\/09c521f8.png&#8221; _builder_version=&#8221;4.22.1&#8243; _module_preset=&#8221;default&#8221; theme_builder_area=&#8221;post_content&#8221; hover_enabled=&#8221;0&#8243; sticky_enabled=&#8221;0&#8243; title_text=&#8221;09c521f8&#8243;][\/et_pb_image][et_pb_heading title=&#8221;Stacja \u0142adowania pojazd\u00f3w elektrycznych&#8221; _builder_version=&#8221;4.22.1&#8243; _module_preset=&#8221;default&#8221; theme_builder_area=&#8221;post_content&#8221; hover_enabled=&#8221;0&#8243; sticky_enabled=&#8221;0&#8243;][\/et_pb_heading][et_pb_text _builder_version=&#8221;4.22.1&#8243; _module_preset=&#8221;default&#8221; theme_builder_area=&#8221;post_content&#8221; hover_enabled=&#8221;0&#8243; sticky_enabled=&#8221;0&#8243; custom_padding=&#8221;||0px|||&#8221;]<\/p>\n<p><span>Stacja \u0142adowania pojazd\u00f3w elektrycznych wybudowana przez Hortensja sp. z o.o. \u2013 Intermarche w C.H. ETC Swarz\u0119dz, w ramach\u00a0 przedsi\u0119wzi\u0119\u0107 dofinansowywanych ze \u015brodk\u00f3w NFO\u015aiGW w ramach Programu Priorytetowego Wsparcie infrastruktury do \u0142adowania pojazd\u00f3w elektrycznych<\/span><\/p>\n<p>[\/et_pb_text][\/et_pb_column][\/et_pb_row][et_pb_row _builder_version=&#8221;4.22.1&#8243; _module_preset=&#8221;default&#8221; column_structure=&#8221;1_2,1_2&#8243; theme_builder_area=&#8221;post_content&#8221;][et_pb_column _builder_version=&#8221;4.22.1&#8243; _module_preset=&#8221;default&#8221; type=&#8221;1_2&#8243; theme_builder_area=&#8221;post_content&#8221;][et_pb_image src=&#8221;http:\/\/hortensjaswarzedz.pl\/wp-content\/uploads\/2024\/10\/20240904_102434-scaled.jpg&#8221; _builder_version=&#8221;4.22.1&#8243; _module_preset=&#8221;default&#8221; theme_builder_area=&#8221;post_content&#8221; hover_enabled=&#8221;0&#8243; sticky_enabled=&#8221;0&#8243; title_text=&#8221;20240904_102434&#8243;][\/et_pb_image][\/et_pb_column][et_pb_column _builder_version=&#8221;4.22.1&#8243; _module_preset=&#8221;default&#8221; type=&#8221;1_2&#8243; theme_builder_area=&#8221;post_content&#8221;][et_pb_image src=&#8221;http:\/\/hortensjaswarzedz.pl\/wp-content\/uploads\/2024\/10\/2.png&#8221; _builder_version=&#8221;4.22.1&#8243; _module_preset=&#8221;default&#8221; theme_builder_area=&#8221;post_content&#8221; hover_enabled=&#8221;0&#8243; sticky_enabled=&#8221;0&#8243; title_text=&#8221;2&#8243;][\/et_pb_image][\/et_pb_column][\/et_pb_row][\/et_pb_section][et_pb_section fb_built=&#8221;1&#8243; _builder_version=&#8221;4.22.1&#8243; _module_preset=&#8221;default&#8221; hover_enabled=&#8221;0&#8243; global_colors_info=&#8221;{}&#8221; border_width_top=&#8221;2px&#8221; border_color_top=&#8221;#E02B20&#8243; sticky_enabled=&#8221;0&#8243;][et_pb_row _builder_version=&#8221;4.22.1&#8243; _module_preset=&#8221;default&#8221; global_colors_info=&#8221;{}&#8221;][et_pb_column type=&#8221;4_4&#8243; _builder_version=&#8221;4.22.1&#8243; _module_preset=&#8221;default&#8221; global_colors_info=&#8221;{}&#8221;][et_pb_text _builder_version=&#8221;4.22.1&#8243; _module_preset=&#8221;default&#8221; text_text_color=&#8221;#000000&#8243; text_font_size=&#8221;17px&#8221; global_colors_info=&#8221;{}&#8221;]<\/p>\n<p>W zwi\u0105zku z zako\u0144czeniem procesu wybierania oferty dotycz\u0105cej realizacji projektu pt. \u201eBudowa stacji \u0142adowania pojazd\u00f3w o nap\u0119dzie elektrycznym o mocy powy\u017cej 50 kW w Jasinie ul. Pozna\u0144ska 6, 62-020 Swarz\u0119dz \u2013 obiekt handlowy: Centrum Handlowe ETC\u201d &#8211; realizowanego przez Zamawiaj\u0105cego, wsp\u00f3\u0142finansowanego z NGOSiGW, prezentujemy Pa\u0144stwu protok\u00f3\u0142 wyboru, oraz o\u015bwiadczenie o braku powi\u0105za\u0144 osobistych i kapita\u0142owych.<\/p>\n<p>[\/et_pb_text][\/et_pb_column][\/et_pb_row][et_pb_row column_structure=&#8221;1_2,1_2&#8243; _builder_version=&#8221;4.22.1&#8243; _module_preset=&#8221;default&#8221; global_colors_info=&#8221;{}&#8221;][et_pb_column type=&#8221;1_2&#8243; _builder_version=&#8221;4.22.1&#8243; _module_preset=&#8221;default&#8221; global_colors_info=&#8221;{}&#8221;][et_pb_button button_url=&#8221;http:\/\/hortensjaswarzedz.pl\/wp-content\/uploads\/2024\/02\/Protoko-wyboru-z-dnia-15.-12.2023_Hortensja.FINAL_.pdf&#8221; url_new_window=&#8221;on&#8221; button_text=&#8221;Protok\u00f3\u0142 wyboru&#8221; button_alignment=&#8221;center&#8221; _builder_version=&#8221;4.22.1&#8243; _module_preset=&#8221;default&#8221; filter_hue_rotate=&#8221;140deg&#8221; filter_brightness=&#8221;80%&#8221; global_colors_info=&#8221;{}&#8221;][\/et_pb_button][\/et_pb_column][et_pb_column type=&#8221;1_2&#8243; _builder_version=&#8221;4.22.1&#8243; _module_preset=&#8221;default&#8221; global_colors_info=&#8221;{}&#8221;][et_pb_button button_url=&#8221;http:\/\/hortensjaswarzedz.pl\/wp-content\/uploads\/2024\/02\/Oswiadczenie-o-braku-powiazan-z-dostawca-HORTENSJA-ZPUE-S.A.pdf&#8221; url_new_window=&#8221;on&#8221; button_text=&#8221;O\u015bwiadczenie o braku powi\u0105za\u0144&#8221; button_alignment=&#8221;center&#8221; _builder_version=&#8221;4.22.1&#8243; _module_preset=&#8221;default&#8221; filter_hue_rotate=&#8221;140deg&#8221; filter_brightness=&#8221;80%&#8221; global_colors_info=&#8221;{}&#8221;][\/et_pb_button][\/et_pb_column][\/et_pb_row][\/et_pb_section][et_pb_section fb_built=&#8221;1&#8243; fullwidth=&#8221;on&#8221; module_id=&#8221;Aktualnosci&#8221; _builder_version=&#8221;4.22.1&#8243; _module_preset=&#8221;default&#8221; background_color=&#8221;#ffffff&#8221; use_background_color_gradient=&#8221;on&#8221; background_color_gradient_stops=&#8221;#2b87da 18%|#29c4a9 100%&#8221; background_image=&#8221;http:\/\/hortensjaswarzedz.pl\/wp-content\/uploads\/2023\/08\/2018-capitalpark-etc-sklepy-male-30.jpg&#8221; background_enable_pattern_style=&#8221;on&#8221; background_pattern_style=&#8221;tufted&#8221; background_pattern_color=&#8221;#FFFFFF&#8221; background_enable_mask_style=&#8221;on&#8221; custom_padding=&#8221;||0px|||&#8221; background_last_edited=&#8221;on|desktop&#8221; border_radii=&#8221;on|5px|5px|5px|5px&#8221; border_width_all=&#8221;2px&#8221; border_color_all=&#8221;#E02B20&#8243; border_width_bottom=&#8221;0px&#8221; global_colors_info=&#8221;{}&#8221;][et_pb_fullwidth_header title=&#8221;Aktualno\u015bci&#8221; subhead=&#8221;Firma HORTENSJA Sp. z o.o. z siedzib\u0105 w Jasinie ul. Pozna\u0144ska 6, 62-020 Swarz\u0119dz w zwi\u0105zku z realizacj\u0105 projektu pt. \u201eBudowa stacji \u0142adowania pojazd\u00f3w o nap\u0119dzie elektrycznym o mocy powy\u017cej 50 kW w Jasinie ul. Pozna\u0144ska 6, 62-020 Swarz\u0119dz \u2013 obiekt handlowy: Centrum Handlowe ETC\u201d &#8211; realizowanego przez Zamawiaj\u0105cego, wsp\u00f3\u0142finansowanego z NGOSiGW, zwraca si\u0119 do Pa\u0144stwa z pro\u015bb\u0105 o przedstawienie swojej oferty poprzez wype\u0142nienie formularza za\u0142\u0105czonego do zapytania ofertowego, kt\u00f3re znajd\u0105 Pa\u0144stwo w zak\u0142adce %22Do pobrania%22.&#8221; background_overlay_color=&#8221;#FFFFFF&#8221; _builder_version=&#8221;4.22.1&#8243; _module_preset=&#8221;default&#8221; content_text_color=&#8221;#000000&#8243; content_font_size=&#8221;13px&#8221; subhead_text_color=&#8221;#000000&#8243; subhead_font_size=&#8221;16px&#8221; custom_button_one=&#8221;on&#8221; button_one_text_size=&#8221;16px&#8221; button_one_text_color=&#8221;#E02B20&#8243; background_layout=&#8221;light&#8221; min_height=&#8221;258.4px&#8221; custom_margin=&#8221;||-26px|||&#8221; custom_padding=&#8221;||45px|||&#8221; border_color_all=&#8221;#e02b20&#8243; global_colors_info=&#8221;{}&#8221;][\/et_pb_fullwidth_header][\/et_pb_section][et_pb_section fb_built=&#8221;1&#8243; _builder_version=&#8221;4.22.1&#8243; _module_preset=&#8221;default&#8221; custom_padding=&#8221;5px||9px|||&#8221; border_width_all=&#8221;2px&#8221; border_color_all=&#8221;#e02b20&#8243; border_width_top=&#8221;0px&#8221; global_colors_info=&#8221;{}&#8221;][et_pb_row _builder_version=&#8221;4.22.1&#8243; _module_preset=&#8221;default&#8221; custom_padding=&#8221;13px|||||&#8221; global_colors_info=&#8221;{}&#8221;][et_pb_column type=&#8221;4_4&#8243; _builder_version=&#8221;4.22.1&#8243; _module_preset=&#8221;default&#8221; global_colors_info=&#8221;{}&#8221;][et_pb_image src=&#8221;http:\/\/hortensjaswarzedz.pl\/wp-content\/uploads\/2023\/08\/ec8b95cb5de4cfb3113b4c35a60569bf634f8844.png&#8221; title_text=&#8221;ec8b95cb5de4cfb3113b4c35a60569bf634f8844&#8243; _builder_version=&#8221;4.22.1&#8243; _module_preset=&#8221;default&#8221; width=&#8221;63%&#8221; module_alignment=&#8221;center&#8221; border_radii=&#8221;on|5px|5px|5px|5px&#8221; border_width_all=&#8221;2px&#8221; border_color_all=&#8221;#E02B20&#8243; global_colors_info=&#8221;{}&#8221;][\/et_pb_image][\/et_pb_column][\/et_pb_row][\/et_pb_section][et_pb_section fb_built=&#8221;1&#8243; fullwidth=&#8221;on&#8221; module_id=&#8221;dopobrania&#8221; _builder_version=&#8221;4.22.1&#8243; _module_preset=&#8221;default&#8221; background_color=&#8221;#ffffff&#8221; use_background_color_gradient=&#8221;on&#8221; background_color_gradient_stops=&#8221;#2b87da 18%|#29c4a9 100%&#8221; background_image=&#8221;http:\/\/hortensjaswarzedz.pl\/wp-content\/uploads\/2023\/08\/2018-capitalpark-etc-sklepy-male-30.jpg&#8221; background_enable_pattern_style=&#8221;on&#8221; background_pattern_style=&#8221;tufted&#8221; background_pattern_color=&#8221;#FFFFFF&#8221; background_enable_mask_style=&#8221;on&#8221; background_last_edited=&#8221;on|desktop&#8221; border_width_all=&#8221;2px&#8221; border_color_all=&#8221;#E02B20&#8243; border_width_bottom=&#8221;0px&#8221; locked=&#8221;off&#8221; global_colors_info=&#8221;{}&#8221;][et_pb_fullwidth_header title=&#8221;Do pobrania&#8221; subhead=&#8221;Tutaj znajd\u0105 Pa\u0144stwo materia\u0142y, kt\u00f3re b\u0119d\u0105 niezb\u0119dne do przedstawienia oferty w sprawie projektu pt. \u201eBudowa stacji \u0142adowania pojazd\u00f3w o nap\u0119dzie elektrycznym o mocy powy\u017cej 50 kW w Jasinie ul. Pozna\u0144ska 6, 62-020 Swarz\u0119dz \u2013 obiekt handlowy: Centrum Handlowe ETC\u201d.&#8221; button_one_text=&#8221;Pobierz zapytanie ofertowe&#8221; button_one_url=&#8221;http:\/\/hortensjaswarzedz.pl\/wp-content\/uploads\/2023\/10\/NFOSiGW_Hortensja_zapytanie-ofertowe-1_2023_Z-DNIA-06.10.2023_do-publikacji.pdf&#8221; background_overlay_color=&#8221;#FFFFFF&#8221; button_two_text_tablet=&#8221;&#8221; button_two_text_phone=&#8221;&#8221; button_two_text_last_edited=&#8221;on|desktop&#8221; content_tablet=&#8221;&#8221; content_phone=&#8221;&#8221; content_last_edited=&#8221;on|desktop&#8221; _builder_version=&#8221;4.22.1&#8243; _module_preset=&#8221;default&#8221; subhead_text_color=&#8221;#000000&#8243; subhead_font_size=&#8221;16px&#8221; custom_button_one=&#8221;on&#8221; button_one_text_size=&#8221;16px&#8221; button_one_text_color=&#8221;#E02B20&#8243; custom_button_two=&#8221;on&#8221; button_two_text_size=&#8221;16px&#8221; button_two_text_color=&#8221;#E02B20&#8243; background_layout=&#8221;light&#8221; custom_margin=&#8221;||-27px|||&#8221; custom_padding=&#8221;44px||19px|||&#8221; global_colors_info=&#8221;{}&#8221; button_two_text__hover_enabled=&#8221;on|desktop&#8221;][\/et_pb_fullwidth_header][et_pb_fullwidth_header subhead=&#8221;Do przedstawienia oferty niezb\u0119dne b\u0119dzie wype\u0142nienie formularza ofertowego oraz o\u015bwiadczenia o braku powi\u0105za\u0144 osobowych i kapita\u0142owych.&#8221; background_overlay_color=&#8221;#FFFFFF&#8221; button_two_text_tablet=&#8221;&#8221; button_two_text_phone=&#8221;&#8221; button_two_text_last_edited=&#8221;on|desktop&#8221; content_tablet=&#8221;&#8221; content_phone=&#8221;&#8221; content_last_edited=&#8221;on|desktop&#8221; _builder_version=&#8221;4.22.1&#8243; _module_preset=&#8221;default&#8221; content_text_align=&#8221;center&#8221; content_letter_spacing=&#8221;99px&#8221; content_line_height=&#8221;1.8em&#8221; subhead_text_color=&#8221;#000000&#8243; subhead_font_size=&#8221;16px&#8221; custom_button_one=&#8221;on&#8221; button_one_text_size=&#8221;16px&#8221; button_one_text_color=&#8221;#E02B20&#8243; custom_button_two=&#8221;on&#8221; button_two_text_size=&#8221;16px&#8221; button_two_text_color=&#8221;#E02B20&#8243; button_two_border_radius=&#8221;0px&#8221; background_layout=&#8221;light&#8221; width=&#8221;100%&#8221; custom_margin=&#8221;0px||-20px||false|false&#8221; custom_padding=&#8221;0px||0px|||&#8221; global_colors_info=&#8221;{}&#8221; button_two_text__hover_enabled=&#8221;on|desktop&#8221;][\/et_pb_fullwidth_header][et_pb_fullwidth_header button_one_text=&#8221;Pobierz formularz ofertowy&#8221; button_one_url=&#8221;http:\/\/hortensjaswarzedz.pl\/wp-content\/uploads\/2023\/10\/Za_acznik-nr-1_oferta_H-ORTENSJA_do_edycji.pdf&#8221; button_two_text=&#8221;Pobierz o\u015bwiadczenie&#8221; button_two_url=&#8221;http:\/\/hortensjaswarzedz.pl\/wp-content\/uploads\/2023\/10\/Zalacznik-nr-2_Hortensja_do_edycji.pdf&#8221; background_overlay_color=&#8221;#FFFFFF&#8221; button_two_text_tablet=&#8221;Pobierz o\u015bwiadczenie o braku powi\u0105za\u0144&#8221; button_two_text_phone=&#8221;Pobierz o\u015bwiadczenie&#8221; button_two_text_last_edited=&#8221;on|desktop&#8221; content_tablet=&#8221;&#8221; content_phone=&#8221;&#8221; content_last_edited=&#8221;on|desktop&#8221; _builder_version=&#8221;4.22.1&#8243; _module_preset=&#8221;default&#8221; content_text_align=&#8221;center&#8221; content_letter_spacing=&#8221;99px&#8221; content_line_height=&#8221;1.8em&#8221; subhead_text_color=&#8221;#000000&#8243; subhead_font_size=&#8221;16px&#8221; custom_button_one=&#8221;on&#8221; button_one_text_size=&#8221;16px&#8221; button_one_text_color=&#8221;#E02B20&#8243; custom_button_two=&#8221;on&#8221; button_two_text_size=&#8221;16px&#8221; button_two_text_color=&#8221;#E02B20&#8243; button_two_border_radius=&#8221;2px&#8221; background_layout=&#8221;light&#8221; width=&#8221;100%&#8221; custom_margin=&#8221;0px||||false|false&#8221; custom_padding=&#8221;0px||34px|||&#8221; global_colors_info=&#8221;{}&#8221; button_two_text__hover_enabled=&#8221;on|desktop&#8221; button_two_text__hover=&#8221;Pobierz o\u015bwiadczenie o braku powi\u0105za\u0144&#8221;][\/et_pb_fullwidth_header][\/et_pb_section][et_pb_section fb_built=&#8221;1&#8243; _builder_version=&#8221;4.22.1&#8243; _module_preset=&#8221;default&#8221; custom_padding=&#8221;0px||7px|||&#8221; border_width_all=&#8221;2px&#8221; border_color_all=&#8221;#E02B20&#8243; border_width_top=&#8221;0px&#8221; border_width_bottom=&#8221;0px&#8221; global_colors_info=&#8221;{}&#8221;][et_pb_row column_structure=&#8221;1_2,1_2&#8243; _builder_version=&#8221;4.22.1&#8243; _module_preset=&#8221;default&#8221; global_colors_info=&#8221;{}&#8221;][et_pb_column type=&#8221;1_2&#8243; _builder_version=&#8221;4.22.1&#8243; _module_preset=&#8221;default&#8221; global_colors_info=&#8221;{}&#8221;][et_pb_image src=&#8221;http:\/\/hortensjaswarzedz.pl\/wp-content\/uploads\/2023\/10\/formularz-1.png&#8221; title_text=&#8221;formularz&#8221; align=&#8221;center&#8221; _builder_version=&#8221;4.22.1&#8243; _module_preset=&#8221;default&#8221; width=&#8221;75%&#8221; border_width_all=&#8221;1px&#8221; global_colors_info=&#8221;{}&#8221;][\/et_pb_image][\/et_pb_column][et_pb_column type=&#8221;1_2&#8243; _builder_version=&#8221;4.22.1&#8243; _module_preset=&#8221;default&#8221; global_colors_info=&#8221;{}&#8221;][et_pb_image src=&#8221;http:\/\/hortensjaswarzedz.pl\/wp-content\/uploads\/2023\/10\/iScreen-Shoter-Pages-231006155158-1.png&#8221; title_text=&#8221;iScreen Shoter &#8211; Pages &#8211; 231006155158&#8243; align=&#8221;center&#8221; _builder_version=&#8221;4.22.1&#8243; _module_preset=&#8221;default&#8221; width=&#8221;75%&#8221; border_width_all=&#8221;1px&#8221; global_colors_info=&#8221;{}&#8221;][\/et_pb_image][\/et_pb_column][\/et_pb_row][et_pb_row _builder_version=&#8221;4.22.1&#8243; _module_preset=&#8221;default&#8221; width=&#8221;96.5%&#8221; custom_padding=&#8221;|0px||||&#8221; global_colors_info=&#8221;{}&#8221;][et_pb_column type=&#8221;4_4&#8243; _builder_version=&#8221;4.22.1&#8243; _module_preset=&#8221;default&#8221; global_colors_info=&#8221;{}&#8221;][et_pb_text _builder_version=&#8221;4.22.1&#8243; _module_preset=&#8221;default&#8221; width=&#8221;100%&#8221; global_colors_info=&#8221;{}&#8221;]<\/p>\n<p style=\"text-align: center;\"><span>Zapytania ofertowe prosimy przesy\u0142a\u0107 na adres mailowy:<br \/><\/span>ksiegowosc.swarzedz@intermarche.pl<\/p>\n<p style=\"text-align: center;\"><span>lub poczt\u0105 tradycyjn\u0105 pod adres sp\u00f3\u0142ki: <br \/><\/span>HORTENSJA Sp. z o. o<span>. <br \/><\/span><span>Jasin, ul. Pozna\u0144ska 6<br \/>62-020 Swarz\u0119dz<\/span><\/p>\n<p>[\/et_pb_text][\/et_pb_column][\/et_pb_row][\/et_pb_section][et_pb_section fb_built=&#8221;1&#8243; _builder_version=&#8221;4.22.1&#8243; _module_preset=&#8221;default&#8221; custom_padding=&#8221;0px||0px|||&#8221; border_width_all=&#8221;2px&#8221; border_color_all=&#8221;#E02B20&#8243; border_width_top=&#8221;0px&#8221; border_color_top=&#8221;#E02B20&#8243; global_colors_info=&#8221;{}&#8221;][et_pb_row _builder_version=&#8221;4.22.1&#8243; _module_preset=&#8221;default&#8221; width=&#8221;84%&#8221; global_colors_info=&#8221;{}&#8221;][et_pb_column type=&#8221;4_4&#8243; _builder_version=&#8221;4.22.1&#8243; _module_preset=&#8221;default&#8221; global_colors_info=&#8221;{}&#8221;][et_pb_image src=&#8221;http:\/\/hortensjaswarzedz.pl\/wp-content\/uploads\/2023\/10\/iScreen-Shoter-20231006162416576.png&#8221; title_text=&#8221;iScreen Shoter &#8211; 20231006162416576&#8243; force_fullwidth=&#8221;on&#8221; _builder_version=&#8221;4.22.1&#8243; _module_preset=&#8221;default&#8221; custom_padding=&#8221;0px|||||&#8221; global_colors_info=&#8221;{}&#8221;][\/et_pb_image][\/et_pb_column][\/et_pb_row][\/et_pb_section][et_pb_section fb_built=&#8221;1&#8243; inner_shadow=&#8221;on&#8221; _builder_version=&#8221;4.22.1&#8243; background_color=&#8221;#E02B20&#8243; use_background_color_gradient=&#8221;on&#8221; background_color_gradient_direction=&#8221;330deg&#8221; background_color_gradient_stops=&#8221;#2ea3f2 0%|#2e6df4 53%&#8221; background_color_gradient_start=&#8221;#2ea3f2&#8243; background_color_gradient_end=&#8221;#2e6df4&#8243; background_image=&#8221;http:\/\/hortensjaswarzedz.pl\/wp-content\/uploads\/2023\/08\/2018-capitalpark-etc-sklepy-male-30.jpg&#8221; min_height=&#8221;135.8px&#8221; custom_margin=&#8221;0px|||||&#8221; custom_padding=&#8221;29px||18px|||&#8221; global_colors_info=&#8221;{}&#8221;][et_pb_row _builder_version=&#8221;4.22.1&#8243; background_color=&#8221;#eb232d&#8221; background_size=&#8221;initial&#8221; background_position=&#8221;top_left&#8221; background_repeat=&#8221;repeat&#8221; custom_padding=&#8221;|4px||0px||&#8221; global_colors_info=&#8221;{}&#8221;][et_pb_column type=&#8221;4_4&#8243; _builder_version=&#8221;4.16&#8243; custom_padding=&#8221;|||&#8221; global_colors_info=&#8221;{}&#8221; custom_padding__hover=&#8221;|||&#8221;][et_pb_text _builder_version=&#8221;4.22.1&#8243; _module_preset=&#8221;default&#8221; text_font=&#8221;|600|||||||&#8221; text_text_color=&#8221;#FFFFFF&#8221; text_font_size=&#8221;20px&#8221; text_orientation=&#8221;center&#8221; custom_padding=&#8221;|19px||23px||&#8221; global_colors_info=&#8221;{}&#8221;]<\/p>\n<p style=\"font-weight: 400;\"><span><strong>W\u0142a\u015bcicielem strony jest:<\/strong><\/span><\/p>\n<p style=\"font-weight: 400;\"><span><strong>HORTENSJA Sp. z o. o<\/strong><\/span><span>. <\/span><\/p>\n<p style=\"font-weight: 400;\"><span>\u00a0\u00a0\u00a0 Jasin, ul. Pozna\u0144ska 6; 62-020 Swarz\u0119dz<\/span><\/p>\n<p style=\"font-weight: 400;\">S\u0105d Rejonowy w Poznaniu-Pozna\u0144 Nowe Miasto i Wilda VIII Wydzia\u0142 Gospodarczy Krajowego Rejestru S\u0105dowego- KRS 0000180643. Kapita\u0142 zak\u0142adowy 1.222.000,00 PLN<\/p>\n<p style=\"font-weight: 400;\"><span>NIP: 782-21-80-836; REGON 639820151, BDO 000015109<\/span><\/p>\n<p>[\/et_pb_text][\/et_pb_column][\/et_pb_row][\/et_pb_section]<\/p>\n","protected":false},"excerpt":{"rendered":"<p>Stacja \u0142adowania pojazd\u00f3w elektrycznych wybudowana przez Hortensja sp. z o.o. \u2013 Intermarche w C.H. ETC Swarz\u0119dz, w ramach\u00a0 przedsi\u0119wzi\u0119\u0107 dofinansowywanych ze \u015brodk\u00f3w NFO\u015aiGW w ramach Programu Priorytetowego Wsparcie infrastruktury do \u0142adowania pojazd\u00f3w elektrycznychW zwi\u0105zku z zako\u0144czeniem procesu wybierania oferty dotycz\u0105cej realizacji projektu pt. \u201eBudowa stacji \u0142adowania pojazd\u00f3w o nap\u0119dzie elektrycznym o mocy powy\u017cej 50 kW [&hellip;]<\/p>\n","protected":false},"author":1,"featured_media":0,"parent":0,"menu_order":0,"comment_status":"closed","ping_status":"closed","template":"","meta":{"_et_pb_use_builder":"on","_et_pb_old_content":"","_et_gb_content_width":"","footnotes":""},"class_list":["post-9","page","type-page","status-publish","hentry"],"_links":{"self":[{"href":"https:\/\/hortensjaswarzedz.pl\/index.php?rest_route=\/wp\/v2\/pages\/9","targetHints":{"allow":["GET"]}}],"collection":[{"href":"https:\/\/hortensjaswarzedz.pl\/index.php?rest_route=\/wp\/v2\/pages"}],"about":[{"href":"https:\/\/hortensjaswarzedz.pl\/index.php?rest_route=\/wp\/v2\/types\/page"}],"author":[{"embeddable":true,"href":"https:\/\/hortensjaswarzedz.pl\/index.php?rest_route=\/wp\/v2\/users\/1"}],"replies":[{"embeddable":true,"href":"https:\/\/hortensjaswarzedz.pl\/index.php?rest_route=%2Fwp%2Fv2%2Fcomments&post=9"}],"version-history":[{"count":47,"href":"https:\/\/hortensjaswarzedz.pl\/index.php?rest_route=\/wp\/v2\/pages\/9\/revisions"}],"predecessor-version":[{"id":132,"href":"https:\/\/hortensjaswarzedz.pl\/index.php?rest_route=\/wp\/v2\/pages\/9\/revisions\/132"}],"wp:attachment":[{"href":"https:\/\/hortensjaswarzedz.pl\/index.php?rest_route=%2Fwp%2Fv2%2Fmedia&parent=9"}],"curies":[{"name":"wp","href":"https:\/\/api.w.org\/{rel}","templated":true}]}}